{"id":17,"date":"2014-11-30T16:34:18","date_gmt":"2014-11-30T14:34:18","guid":{"rendered":"http:\/\/andreas-weinmann.de\/?page_id=17"},"modified":"2022-05-25T10:13:23","modified_gmt":"2022-05-25T08:13:23","slug":"talks","status":"publish","type":"page","link":"http:\/\/andreas-weinmann.de\/?page_id=17","title":{"rendered":"Talks etc"},"content":{"rendered":"<p>&nbsp;<\/p>\n<p><strong>Tutorial<\/strong><\/p>\n<ul>\n<li><em>Approximation Methods in Magnetic Particle Imaging (MPI),<\/em> Dolomites Reseach Week on Approximation, Alba di Canazei, September 2017 (with W. Erb).<\/li>\n<\/ul>\n<p><strong>Talks<\/strong><\/p>\n<ul>\n<li><span class=\"fontstyle0\">Recent Progress on Algorithms for Mumford-Shah models (Invited talk), Seminar, Universitat Graz, Jan. 2022. <\/span><\/li>\n<li><span class=\"fontstyle0\">Iterative Minimization of Potts Functionals in the Multivariate Setting (Invited minisymposium talk), DMV Tagung, Passau, Sep. 2021.<\/span><\/li>\n<li><span class=\"fontstyle0\">Iterative Potts Minimization in the Multivariate Case (Invited minisymposium talk), 5th Dolomites Workshop on Constructive Approximation and Applications, Sep. 2021.<\/span><\/li>\n<li><span class=\"fontstyle0\">Reconstructing manifold-valued images using total variation regularization and related methods <\/span><span class=\"fontstyle0\">(Invited minisymposium talk), International Conference of Continuous Optimization, Berlin, Aug. 2019.<\/span><\/li>\n<li><em>On regularizing problems involving manifold-valued images<\/em> (Invited minisymposium talk), Applied Inverse Problems, Grenoble, July 2019.<\/li>\n<li>Algorithms for processing manifold-valued data and applications (Invited talk), Seminar, University Padova, May 2019.<\/li>\n<li><em>Model-based reconstruction for multivariate MPI<\/em> (Invited minisymposium talk), SIAM Imaging, Bologna, June 2018.<\/li>\n<li><em>Total variation type methods for the regularization of manifold valued images and data<\/em> (Invited conference talk), Oberwolfach Conference on Nonlinear Data: Theory and Algorithms, Oberwolfach, April 2018.<\/li>\n<li><em>Variational methods for processing manifold-valued images<\/em> (Invited talk), Fachbereichskolloquium, TU Darmstadt, April 2018.<\/li>\n<li><em>Edge-preserving variational methods for regularizing manifold-valued data and images<\/em> (Invited minisymposium talk), GAMM, March 2018.<\/li>\n<li><em>Variational methods for the restauration of manifold-valued images and data<\/em> (Invited talk), Seminar, University of Hawaii, March 2018.<\/li>\n<li><em>Variational methods for regularizing manifold-valued images<\/em> (Invited talk), Seminar, TU Dresden, December 2017.<\/li>\n<li><em>Variational methods for geometric nonlinear data<\/em> (Invited talk), Seminar, Purdue University, July 2017.<\/li>\n<li><em>Reconstruction formulae for Magnetic Particle Imaging in 2D and 3D<\/em> (Invited minisymposium talk), Applied Inverse Problems, Hangzhou, June 2017.<\/li>\n<li><em>Variational methods for manifold-valued images<\/em> (Invited talk), Workshop on Manifold-valued Image Processing, Fraunhofer Kaiserslautern , December 2016.<\/li>\n<li><em>Variational methods for the restauration of manifold-valued data<\/em> (Invited talk), Seminar Universit\u00e4t Graz, November 2016.<\/li>\n<li><em>Nichtkonvexe und nichtglatte variationelle Methoden in der Bild- und Datenverarbeitung<\/em> (Invited talk), Workshop &#8222;Forum Mathematik&#8220;, Bad Soden-Salm\u00fcnster, September 2016.<\/li>\n<li><em>Edge-preserving variational methods for manifold-valued data<\/em> (Invited minisymposium talk), International Conference on Curves and Surfaces , Toensberg, June 2016.<\/li>\n<li><em>\u00dcber nichtglatte und nichtkonvexe variationelle Methoden zur Bildgebung <\/em>(Invited talk), Minisyposium on Medical Imaging, Universit\u00e4t Hamburg, October 2015.<\/li>\n<li><em>Nonsmooth variational approaches for DTI data<\/em> (Invited talk), VisTech Workshop, Faak, May 2015.<\/li>\n<li><em>Signals with Jump Discontinuites &#8211; Partitioning and Reconstruction<\/em> (Invited talk), Workshop on Sparse Tomographic Reconstruction &#8211; Theoretical and Numerical Aspects, Universit\u00e4t Heidelberg, March 2015.<\/li>\n<li><em>Reconstructing functions with jumps<\/em> (Invited talk), NuHAG Seminar, Universit\u00e4t Wien, November 2014.<\/li>\n<li><em>Variational denoising for manifold-valued data<\/em> (Invited talk),&nbsp; Workshop &#8222;Journ\u00e9e conjointe de GDR MIA et ISIS: Optimisation G\u00e9om\u00e9trique sur les Vari\u00e9t\u00e9s&#8220;, Paris, November 2014. <a href=\"http:\/\/andreas-weinmann.de\/wp-content\/uploads\/2014\/12\/Paris.pdf\">Slides.<\/a><\/li>\n<li><em>Subdivision schemes on manifolds<\/em> (Invited Minisymposium talk), ICNAAM, Rhodes, September 2014.<\/li>\n<li><em>Variational reconstruction of functions with discontinuities<\/em> (Invited talk), Oberseminar, Fakult\u00e4t f\u00fcr Mathematik, L\u00fcbeck, June 2014.<\/li>\n<li><em>Reconstructing signals with jumps<\/em> (Invited talk), Kolloquium Fachbereich Mathematik, Osnabr\u00fcck, May 2014.<\/li>\n<li><em>Jump-sparse signal reconstruction by the minimization of Potts functionals<\/em> (Invited Minisymposium talk), ENUMATH, Lausanne, August 2013.<\/li>\n<li><em>Signal reconstruction using Potts and Blake-Zisserman functionals<\/em> (Invited talk), Kolloquiumsvortrag des Instituts f\u00fcr Mathematik und Informatik, Universit\u00e4t Greifswald, August 2013.<\/li>\n<li><em>On Potts and Blake-Zisserman functionals for manifold-valued data<\/em> (Invited Minisymposium talk), MAFELAP, London, Juni 2013.<\/li>\n<\/ul>\n","protected":false},"excerpt":{"rendered":"<p>&nbsp; Tutorial Approximation Methods in Magnetic Particle Imaging (MPI), Dolomites Reseach Week on Approximation, Alba di Canazei, September 2017 (with W. Erb). Talks Recent Progress on Algorithms for Mumford-Shah models (Invited talk), Seminar, Universitat Graz,&#8230;<\/p>\n<p><a class='more-link' href='http:\/\/andreas-weinmann.de\/?page_id=17'>Beitrag lesen<span class='screen-reader-text'>Talks etc<\/span><\/a><\/p>","protected":false},"author":1,"featured_media":0,"parent":0,"menu_order":0,"comment_status":"closed","ping_status":"closed","template":"","meta":{"ngg_post_thumbnail":0,"footnotes":""},"class_list":["post-17","page","type-page","status-publish","hentry","excerpt"],"_links":{"self":[{"href":"http:\/\/andreas-weinmann.de\/index.php?rest_route=\/wp\/v2\/pages\/17","targetHints":{"allow":["GET"]}}],"collection":[{"href":"http:\/\/andreas-weinmann.de\/index.php?rest_route=\/wp\/v2\/pages"}],"about":[{"href":"http:\/\/andreas-weinmann.de\/index.php?rest_route=\/wp\/v2\/types\/page"}],"author":[{"embeddable":true,"href":"http:\/\/andreas-weinmann.de\/index.php?rest_route=\/wp\/v2\/users\/1"}],"replies":[{"embeddable":true,"href":"http:\/\/andreas-weinmann.de\/index.php?rest_route=%2Fwp%2Fv2%2Fcomments&post=17"}],"version-history":[{"count":14,"href":"http:\/\/andreas-weinmann.de\/index.php?rest_route=\/wp\/v2\/pages\/17\/revisions"}],"predecessor-version":[{"id":479,"href":"http:\/\/andreas-weinmann.de\/index.php?rest_route=\/wp\/v2\/pages\/17\/revisions\/479"}],"wp:attachment":[{"href":"http:\/\/andreas-weinmann.de\/index.php?rest_route=%2Fwp%2Fv2%2Fmedia&parent=17"}],"curies":[{"name":"wp","href":"https:\/\/api.w.org\/{rel}","templated":true}]}}